{"id":2260,"date":"2023-06-08T00:43:50","date_gmt":"2023-06-07T22:43:50","guid":{"rendered":"https:\/\/cmconsulting.pl\/print-standardization\/"},"modified":"2025-06-30T16:20:05","modified_gmt":"2025-06-30T14:20:05","slug":"print-standardization","status":"publish","type":"page","link":"https:\/\/cmconsulting.pl\/en\/print-standardization\/","title":{"rendered":"Print standardization &#8211; calibration and profiling"},"content":{"rendered":"","protected":false},"excerpt":{"rendered":"","protected":false},"author":1,"featured_media":0,"parent":0,"menu_order":0,"comment_status":"closed","ping_status":"closed","template":"page_standarization_new.php","meta":{"_acf_changed":false,"_eb_attr":"","inline_featured_image":false,"footnotes":""},"class_list":["post-2260","page","type-page","status-publish","hentry"],"acf":[],"yoast_head":"<!-- This site is optimized with the Yoast SEO plugin v25.3 - https:\/\/yoast.com\/wordpress\/plugins\/seo\/ -->\n<title>Standaryzacja i kalibracja druku \u2013 audyt, odbi\u00f3r maszyn, wdro\u017cenia X-Gamut | CMConsulting<\/title>\n<meta name=\"description\" content=\"Standaryzacja i kalibracja druku w CMConsulting: audyt drukarni, odbi\u00f3r maszyn, wdro\u017cenia X-Gamut, optymalizacja CTP, offsetu, fleksografii i mieszalni farb.\" \/>\n<meta name=\"robots\" content=\"index, follow, max-snippet:-1, max-image-preview:large, max-video-preview:-1\" \/>\n<link rel=\"canonical\" href=\"https:\/\/cmconsulting.pl\/en\/print-standardization\/\" \/>\n<meta property=\"og:locale\" content=\"en_US\" \/>\n<meta property=\"og:type\" content=\"article\" \/>\n<meta property=\"og:title\" content=\"Standaryzacja i kalibracja druku \u2013 audyt, odbi\u00f3r maszyn, wdro\u017cenia X-Gamut | CMConsulting\" \/>\n<meta property=\"og:description\" content=\"Standaryzacja i kalibracja druku w CMConsulting: audyt drukarni, odbi\u00f3r maszyn, wdro\u017cenia X-Gamut, optymalizacja CTP, offsetu, fleksografii i mieszalni farb.\" \/>\n<meta property=\"og:url\" content=\"https:\/\/cmconsulting.pl\/en\/print-standardization\/\" \/>\n<meta property=\"og:site_name\" content=\"CMC\" \/>\n<meta property=\"article:publisher\" content=\"https:\/\/www.facebook.com\/profile.php?id=100028877936209\" \/>\n<meta property=\"article:modified_time\" content=\"2025-06-30T14:20:05+00:00\" \/>\n<meta property=\"og:image\" content=\"https:\/\/cmconsulting.pl\/wp-content\/uploads\/2021\/09\/AdobeStock_258968347-scaled.jpeg\" \/>\n\t<meta property=\"og:image:width\" content=\"2560\" \/>\n\t<meta property=\"og:image:height\" content=\"1499\" \/>\n\t<meta property=\"og:image:type\" content=\"image\/jpeg\" \/>\n<meta name=\"twitter:card\" content=\"summary_large_image\" \/>\n<script type=\"application\/ld+json\" class=\"yoast-schema-graph\">{\"@context\":\"https:\/\/schema.org\",\"@graph\":[{\"@type\":\"WebPage\",\"@id\":\"https:\/\/cmconsulting.pl\/en\/print-standardization\/\",\"url\":\"https:\/\/cmconsulting.pl\/en\/print-standardization\/\",\"name\":\"Standaryzacja i kalibracja druku \u2013 audyt, odbi\u00f3r maszyn, wdro\u017cenia X-Gamut | CMConsulting\",\"isPartOf\":{\"@id\":\"https:\/\/cmconsulting.pl\/en\/#website\"},\"datePublished\":\"2023-06-07T22:43:50+00:00\",\"dateModified\":\"2025-06-30T14:20:05+00:00\",\"description\":\"Standaryzacja i kalibracja druku w CMConsulting: audyt drukarni, odbi\u00f3r maszyn, wdro\u017cenia X-Gamut, optymalizacja CTP, offsetu, fleksografii i mieszalni farb.\",\"breadcrumb\":{\"@id\":\"https:\/\/cmconsulting.pl\/en\/print-standardization\/#breadcrumb\"},\"inLanguage\":\"en-US\",\"potentialAction\":[{\"@type\":\"ReadAction\",\"target\":[\"https:\/\/cmconsulting.pl\/en\/print-standardization\/\"]}]},{\"@type\":\"BreadcrumbList\",\"@id\":\"https:\/\/cmconsulting.pl\/en\/print-standardization\/#breadcrumb\",\"itemListElement\":[{\"@type\":\"ListItem\",\"position\":1,\"name\":\"Strona g\u0142\u00f3wna\",\"item\":\"https:\/\/cmconsulting.pl\/en\/\"},{\"@type\":\"ListItem\",\"position\":2,\"name\":\"Print standardization &#8211; calibration and profiling\"}]},{\"@type\":\"WebSite\",\"@id\":\"https:\/\/cmconsulting.pl\/en\/#website\",\"url\":\"https:\/\/cmconsulting.pl\/en\/\",\"name\":\"https:\/\/cmconsulting.pl\/\",\"description\":\"X-RITE\",\"publisher\":{\"@id\":\"https:\/\/cmconsulting.pl\/en\/#organization\"},\"potentialAction\":[{\"@type\":\"SearchAction\",\"target\":{\"@type\":\"EntryPoint\",\"urlTemplate\":\"https:\/\/cmconsulting.pl\/en\/?s={search_term_string}\"},\"query-input\":{\"@type\":\"PropertyValueSpecification\",\"valueRequired\":true,\"valueName\":\"search_term_string\"}}],\"inLanguage\":\"en-US\"},{\"@type\":\"Organization\",\"@id\":\"https:\/\/cmconsulting.pl\/en\/#organization\",\"name\":\"CMC Consulting\",\"url\":\"https:\/\/cmconsulting.pl\/en\/\",\"logo\":{\"@type\":\"ImageObject\",\"inLanguage\":\"en-US\",\"@id\":\"https:\/\/cmconsulting.pl\/en\/#\/schema\/logo\/image\/\",\"url\":\"https:\/\/cmconsulting.pl\/wp-content\/uploads\/2021\/08\/Logo-1.svg\",\"contentUrl\":\"https:\/\/cmconsulting.pl\/wp-content\/uploads\/2021\/08\/Logo-1.svg\",\"width\":1,\"height\":1,\"caption\":\"CMC Consulting\"},\"image\":{\"@id\":\"https:\/\/cmconsulting.pl\/en\/#\/schema\/logo\/image\/\"},\"sameAs\":[\"https:\/\/www.facebook.com\/profile.php?id=100028877936209\",\"https:\/\/www.linkedin.com\/company\/color-management-consulting\/\"]}]}<\/script>\n<!-- \/ Yoast SEO plugin. -->","yoast_head_json":{"title":"Standaryzacja i kalibracja druku \u2013 audyt, odbi\u00f3r maszyn, wdro\u017cenia X-Gamut | CMConsulting","description":"Standaryzacja i kalibracja druku w CMConsulting: audyt drukarni, odbi\u00f3r maszyn, wdro\u017cenia X-Gamut, optymalizacja CTP, offsetu, fleksografii i mieszalni farb.","robots":{"index":"index","follow":"follow","max-snippet":"max-snippet:-1","max-image-preview":"max-image-preview:large","max-video-preview":"max-video-preview:-1"},"canonical":"https:\/\/cmconsulting.pl\/en\/print-standardization\/","og_locale":"en_US","og_type":"article","og_title":"Standaryzacja i kalibracja druku \u2013 audyt, odbi\u00f3r maszyn, wdro\u017cenia X-Gamut | CMConsulting","og_description":"Standaryzacja i kalibracja druku w CMConsulting: audyt drukarni, odbi\u00f3r maszyn, wdro\u017cenia X-Gamut, optymalizacja CTP, offsetu, fleksografii i mieszalni farb.","og_url":"https:\/\/cmconsulting.pl\/en\/print-standardization\/","og_site_name":"CMC","article_publisher":"https:\/\/www.facebook.com\/profile.php?id=100028877936209","article_modified_time":"2025-06-30T14:20:05+00:00","og_image":[{"width":2560,"height":1499,"url":"https:\/\/cmconsulting.pl\/wp-content\/uploads\/2021\/09\/AdobeStock_258968347-scaled.jpeg","type":"image\/jpeg"}],"twitter_card":"summary_large_image","schema":{"@context":"https:\/\/schema.org","@graph":[{"@type":"WebPage","@id":"https:\/\/cmconsulting.pl\/en\/print-standardization\/","url":"https:\/\/cmconsulting.pl\/en\/print-standardization\/","name":"Standaryzacja i kalibracja druku \u2013 audyt, odbi\u00f3r maszyn, wdro\u017cenia X-Gamut | CMConsulting","isPartOf":{"@id":"https:\/\/cmconsulting.pl\/en\/#website"},"datePublished":"2023-06-07T22:43:50+00:00","dateModified":"2025-06-30T14:20:05+00:00","description":"Standaryzacja i kalibracja druku w CMConsulting: audyt drukarni, odbi\u00f3r maszyn, wdro\u017cenia X-Gamut, optymalizacja CTP, offsetu, fleksografii i mieszalni farb.","breadcrumb":{"@id":"https:\/\/cmconsulting.pl\/en\/print-standardization\/#breadcrumb"},"inLanguage":"en-US","potentialAction":[{"@type":"ReadAction","target":["https:\/\/cmconsulting.pl\/en\/print-standardization\/"]}]},{"@type":"BreadcrumbList","@id":"https:\/\/cmconsulting.pl\/en\/print-standardization\/#breadcrumb","itemListElement":[{"@type":"ListItem","position":1,"name":"Strona g\u0142\u00f3wna","item":"https:\/\/cmconsulting.pl\/en\/"},{"@type":"ListItem","position":2,"name":"Print standardization &#8211; calibration and profiling"}]},{"@type":"WebSite","@id":"https:\/\/cmconsulting.pl\/en\/#website","url":"https:\/\/cmconsulting.pl\/en\/","name":"https:\/\/cmconsulting.pl\/","description":"X-RITE","publisher":{"@id":"https:\/\/cmconsulting.pl\/en\/#organization"},"potentialAction":[{"@type":"SearchAction","target":{"@type":"EntryPoint","urlTemplate":"https:\/\/cmconsulting.pl\/en\/?s={search_term_string}"},"query-input":{"@type":"PropertyValueSpecification","valueRequired":true,"valueName":"search_term_string"}}],"inLanguage":"en-US"},{"@type":"Organization","@id":"https:\/\/cmconsulting.pl\/en\/#organization","name":"CMC Consulting","url":"https:\/\/cmconsulting.pl\/en\/","logo":{"@type":"ImageObject","inLanguage":"en-US","@id":"https:\/\/cmconsulting.pl\/en\/#\/schema\/logo\/image\/","url":"https:\/\/cmconsulting.pl\/wp-content\/uploads\/2021\/08\/Logo-1.svg","contentUrl":"https:\/\/cmconsulting.pl\/wp-content\/uploads\/2021\/08\/Logo-1.svg","width":1,"height":1,"caption":"CMC Consulting"},"image":{"@id":"https:\/\/cmconsulting.pl\/en\/#\/schema\/logo\/image\/"},"sameAs":["https:\/\/www.facebook.com\/profile.php?id=100028877936209","https:\/\/www.linkedin.com\/company\/color-management-consulting\/"]}]}},"_links":{"self":[{"href":"https:\/\/cmconsulting.pl\/en\/wp-json\/wp\/v2\/pages\/2260","targetHints":{"allow":["GET"]}}],"collection":[{"href":"https:\/\/cmconsulting.pl\/en\/wp-json\/wp\/v2\/pages"}],"about":[{"href":"https:\/\/cmconsulting.pl\/en\/wp-json\/wp\/v2\/types\/page"}],"author":[{"embeddable":true,"href":"https:\/\/cmconsulting.pl\/en\/wp-json\/wp\/v2\/users\/1"}],"replies":[{"embeddable":true,"href":"https:\/\/cmconsulting.pl\/en\/wp-json\/wp\/v2\/comments?post=2260"}],"version-history":[{"count":7,"href":"https:\/\/cmconsulting.pl\/en\/wp-json\/wp\/v2\/pages\/2260\/revisions"}],"predecessor-version":[{"id":4504,"href":"https:\/\/cmconsulting.pl\/en\/wp-json\/wp\/v2\/pages\/2260\/revisions\/4504"}],"wp:attachment":[{"href":"https:\/\/cmconsulting.pl\/en\/wp-json\/wp\/v2\/media?parent=2260"}],"curies":[{"name":"wp","href":"https:\/\/api.w.org\/{rel}","templated":true}]}}